{"id":89,"date":"2016-08-23T11:41:39","date_gmt":"2016-08-23T08:41:39","guid":{"rendered":"http:\/\/www.salubrizarehusi.ro\/?page_id=89"},"modified":"2023-02-01T12:52:56","modified_gmt":"2023-02-01T10:52:56","slug":"home","status":"publish","type":"page","link":"https:\/\/www.salubrizarehusi.ro\/","title":{"rendered":"Salubrizare Hu\u0219i"},"content":{"rendered":"<p>Bine ati venit la <strong>Ecosalubrizare Prest SRL!<\/strong><\/p>\n<p>Husului i s-a spus de-a lungul timpului\u00a0 &#8211;\u00a0 &#8222;Orasul Gradina&#8221;.\u00a0 Noi, impreuna cu &#8222;Parcuri Verzi&#8221;, avem datoria de a mentine vie aceasta denumire,\u00a0 iar misiunea noastra este\u00a0 de a va face viata mai frumoasa\u00a0 prin asigurarea unui mediu curat in care sa va desfasurati activitatea zilnica. Astfel, obiectivul nostru este ; &#8222;Un oras curat pentru zile frumoase!&#8221;<\/p>\n<p>Oricat am fi de dedicati meseriei noastre , nu ne putem atinge obiectivul fara ajutorul dumneavoastra, cetatenii Municipiului Husi, asa ca va rugam, sa sprijiniti eforturile de salubrizare a urbei noastre,\u00a0 prin depozitarea deseurilor doar in locurile special amenajate. Va multumim.<\/p>\n<p><a href=\"http:\/\/www.salubrizarehusi.ro\/index.php\/sample-page\/echipa\/\">echipa<\/a> Ecosalubrizare Prest<\/p>\n<p><strong>MISIUNEA\u00a0<\/strong> Ecosalubrizare Prest SRL este de \u00a0a asigura \u00a0servicii moderne \u015fi performante de salubrizare a localit\u0103\u0163ii , care s\u0103 contribuie la eforturile comunit\u0103\u0163ii de dezvoltare economico-social\u0103 durabil\u0103 \u015fi de protejare a mediului.<\/p>\n<p><strong>OBIECTIVELE STRATEGICE<\/strong> ale Ecosalubrizare prest SRL. sunt:<\/p>\n<ol>\n<li>consolidarea culturii organiza\u0163ionale;<\/li>\n<li>valorificarea superioar\u0103 a oportunit\u0103\u0163ilor de dezvoltare a afacerii .<\/li>\n<\/ol>\n<p><strong>OBIECTIVELE GENERALE<\/strong> ale Ecosalubrizare Prest SRL sunt:<\/p>\n<ol>\n<li>cre\u015fterea competitivit\u0103\u0163ii (prin \u00eembun\u0103t\u0103\u0163irea resurselor la dispozi\u0163ie, optimizarea proceselor, sc\u0103derea costurilor de operare etc);<\/li>\n<li>extinderea ariei deservite \u00een judetul Vaslui;<\/li>\n<li>cre\u015fterea nivelului de satisfac\u0163ie a clien\u0163ilor;<\/li>\n<li>\u00eencadrarea costurilor \u00een bugetul alocat \u015fi aprobat (sc\u0103derea crean\u0163elor, cre\u015fterea veniturilor).<\/li>\n<\/ol>\n<p>&nbsp;<\/p>\n","protected":false},"excerpt":{"rendered":"<p>Bine ati venit la Ecosalubrizare Prest SRL! Husului i s-a spus de-a lungul timpului\u00a0 &#8211;\u00a0 &#8222;Orasul Gradina&#8221;.\u00a0 Noi, impreuna cu &#8222;Parcuri Verzi&#8221;, avem datoria de a mentine vie aceasta denumire,\u00a0 iar misiunea noastra este\u00a0 de a va face viata mai frumoasa\u00a0 prin asigurarea unui mediu curat in care sa va desfasurati activitatea zilnica. Astfel, obiectivul nostru este ; &#8222;Un oras&#8230;<\/p>\n","protected":false},"author":2,"featured_media":0,"parent":0,"menu_order":0,"comment_status":"closed","ping_status":"closed","template":"","meta":{"footnotes":""},"class_list":["post-89","page","type-page","status-publish","hentry"],"aioseo_notices":[],"_links":{"self":[{"href":"https:\/\/www.salubrizarehusi.ro\/index.php\/wp-json\/wp\/v2\/pages\/89","targetHints":{"allow":["GET"]}}],"collection":[{"href":"https:\/\/www.salubrizarehusi.ro\/index.php\/wp-json\/wp\/v2\/pages"}],"about":[{"href":"https:\/\/www.salubrizarehusi.ro\/index.php\/wp-json\/wp\/v2\/types\/page"}],"author":[{"embeddable":true,"href":"https:\/\/www.salubrizarehusi.ro\/index.php\/wp-json\/wp\/v2\/users\/2"}],"replies":[{"embeddable":true,"href":"https:\/\/www.salubrizarehusi.ro\/index.php\/wp-json\/wp\/v2\/comments?post=89"}],"version-history":[{"count":8,"href":"https:\/\/www.salubrizarehusi.ro\/index.php\/wp-json\/wp\/v2\/pages\/89\/revisions"}],"predecessor-version":[{"id":1584,"href":"https:\/\/www.salubrizarehusi.ro\/index.php\/wp-json\/wp\/v2\/pages\/89\/revisions\/1584"}],"wp:attachment":[{"href":"https:\/\/www.salubrizarehusi.ro\/index.php\/wp-json\/wp\/v2\/media?parent=89"}],"curies":[{"name":"wp","href":"https:\/\/api.w.org\/{rel}","templated":true}]}}