{"id":54,"date":"2016-08-20T18:27:38","date_gmt":"2016-08-20T15:27:38","guid":{"rendered":"http:\/\/www.salubrizarehusi.ro\/?page_id=54"},"modified":"2016-08-23T11:48:02","modified_gmt":"2016-08-23T08:48:02","slug":"misiunea-si-obiectivele","status":"publish","type":"page","link":"https:\/\/www.salubrizarehusi.ro\/index.php\/sample-page\/misiunea-si-obiectivele\/","title":{"rendered":"Misiunea si obiectivele"},"content":{"rendered":"<p><strong>MISIUNEA\u00a0<\/strong> Ecosalubrizare Prest SRL este de \u00a0a asigura \u00a0servicii moderne \u015fi performante de salubrizare a localit\u0103\u0163ii , care s\u0103 contribuie la eforturile comunit\u0103\u0163ii de dezvoltare economico-social\u0103 durabil\u0103 \u015fi de protejare a mediului.<\/p>\n<p><strong>OBIECTIVELE STRATEGICE<\/strong> ale Ecosalubrizare prest SRL. sunt:<\/p>\n<ol>\n<li>consolidarea culturii organiza\u0163ionale;<\/li>\n<li>valorificarea superioar\u0103 a oportunit\u0103\u0163ilor de dezvoltare a afacerii .<\/li>\n<\/ol>\n<p><strong>OBIECTIVELE GENERALE<\/strong> ale Ecosalubrizare Prest SRL sunt:<\/p>\n<ol>\n<li>cre\u015fterea competitivit\u0103\u0163ii (prin \u00eembun\u0103t\u0103\u0163irea resurselor la dispozi\u0163ie, optimizarea proceselor, sc\u0103derea costurilor de operare etc);<\/li>\n<li>extinderea ariei deservite \u00een judetul Vaslui;<\/li>\n<li>cre\u015fterea nivelului de satisfac\u0163ie a clien\u0163ilor;<\/li>\n<li>\u00eencadrarea costurilor \u00een bugetul alocat \u015fi aprobat (sc\u0103derea crean\u0163elor, cre\u015fterea veniturilor).<\/li>\n<\/ol>\n<p>\u00a0<\/p>\n","protected":false},"excerpt":{"rendered":"<p>MISIUNEA\u00a0 Ecosalubrizare Prest SRL este de \u00a0a asigura \u00a0servicii moderne \u015fi performante de salubrizare a localit\u0103\u0163ii , care s\u0103 contribuie la eforturile comunit\u0103\u0163ii de dezvoltare economico-social\u0103 durabil\u0103 \u015fi de protejare a mediului. OBIECTIVELE STRATEGICE ale Ecosalubrizare prest SRL. sunt: consolidarea culturii organiza\u0163ionale; valorificarea superioar\u0103 a oportunit\u0103\u0163ilor de dezvoltare a afacerii . OBIECTIVELE GENERALE ale Ecosalubrizare Prest SRL sunt: cre\u015fterea competitivit\u0103\u0163ii&#8230;<\/p>\n","protected":false},"author":2,"featured_media":0,"parent":2,"menu_order":0,"comment_status":"closed","ping_status":"closed","template":"","meta":{"footnotes":""},"class_list":["post-54","page","type-page","status-publish","hentry"],"aioseo_notices":[],"_links":{"self":[{"href":"https:\/\/www.salubrizarehusi.ro\/index.php\/wp-json\/wp\/v2\/pages\/54","targetHints":{"allow":["GET"]}}],"collection":[{"href":"https:\/\/www.salubrizarehusi.ro\/index.php\/wp-json\/wp\/v2\/pages"}],"about":[{"href":"https:\/\/www.salubrizarehusi.ro\/index.php\/wp-json\/wp\/v2\/types\/page"}],"author":[{"embeddable":true,"href":"https:\/\/www.salubrizarehusi.ro\/index.php\/wp-json\/wp\/v2\/users\/2"}],"replies":[{"embeddable":true,"href":"https:\/\/www.salubrizarehusi.ro\/index.php\/wp-json\/wp\/v2\/comments?post=54"}],"version-history":[{"count":8,"href":"https:\/\/www.salubrizarehusi.ro\/index.php\/wp-json\/wp\/v2\/pages\/54\/revisions"}],"predecessor-version":[{"id":91,"href":"https:\/\/www.salubrizarehusi.ro\/index.php\/wp-json\/wp\/v2\/pages\/54\/revisions\/91"}],"up":[{"embeddable":true,"href":"https:\/\/www.salubrizarehusi.ro\/index.php\/wp-json\/wp\/v2\/pages\/2"}],"wp:attachment":[{"href":"https:\/\/www.salubrizarehusi.ro\/index.php\/wp-json\/wp\/v2\/media?parent=54"}],"curies":[{"name":"wp","href":"https:\/\/api.w.org\/{rel}","templated":true}]}}