{"id":2417,"date":"2025-03-04T09:44:27","date_gmt":"2025-03-04T07:44:27","guid":{"rendered":"https:\/\/www.salubrizarehusi.ro\/?page_id=2417"},"modified":"2025-03-04T10:03:05","modified_gmt":"2025-03-04T08:03:05","slug":"obiectivul-de-politica-publica-a-intreprinderii","status":"publish","type":"page","link":"https:\/\/www.salubrizarehusi.ro\/index.php\/obiectivul-de-politica-publica-a-intreprinderii\/","title":{"rendered":"OBIECTIVUL DE POLITIC\u0102 PUBLIC\u0102 A \u00ceNTREPRINDERII"},"content":{"rendered":"<p><a href=\"http:\/\/www.salubrizarehusi.ro\/wp-content\/uploads\/2025\/03\/OBIECTIVUL-DE-POLITICA-PUBLICA-A-INTREPRINDERII.pdf\">OBIECTIVUL DE POLITIC\u0102 PUBLIC\u0102 A \u00ceNTREPRINDERII<\/a><\/p>\n","protected":false},"excerpt":{"rendered":"<p>OBIECTIVUL DE POLITIC\u0102 PUBLIC\u0102 A \u00ceNTREPRINDERII<\/p>\n","protected":false},"author":4,"featured_media":0,"parent":0,"menu_order":0,"comment_status":"closed","ping_status":"closed","template":"","meta":{"footnotes":""},"class_list":["post-2417","page","type-page","status-publish","hentry"],"aioseo_notices":[],"_links":{"self":[{"href":"https:\/\/www.salubrizarehusi.ro\/index.php\/wp-json\/wp\/v2\/pages\/2417","targetHints":{"allow":["GET"]}}],"collection":[{"href":"https:\/\/www.salubrizarehusi.ro\/index.php\/wp-json\/wp\/v2\/pages"}],"about":[{"href":"https:\/\/www.salubrizarehusi.ro\/index.php\/wp-json\/wp\/v2\/types\/page"}],"author":[{"embeddable":true,"href":"https:\/\/www.salubrizarehusi.ro\/index.php\/wp-json\/wp\/v2\/users\/4"}],"replies":[{"embeddable":true,"href":"https:\/\/www.salubrizarehusi.ro\/index.php\/wp-json\/wp\/v2\/comments?post=2417"}],"version-history":[{"count":2,"href":"https:\/\/www.salubrizarehusi.ro\/index.php\/wp-json\/wp\/v2\/pages\/2417\/revisions"}],"predecessor-version":[{"id":2431,"href":"https:\/\/www.salubrizarehusi.ro\/index.php\/wp-json\/wp\/v2\/pages\/2417\/revisions\/2431"}],"wp:attachment":[{"href":"https:\/\/www.salubrizarehusi.ro\/index.php\/wp-json\/wp\/v2\/media?parent=2417"}],"curies":[{"name":"wp","href":"https:\/\/api.w.org\/{rel}","templated":true}]}}