{"id":2137,"date":"2025-01-14T07:40:35","date_gmt":"2025-01-14T05:40:35","guid":{"rendered":"https:\/\/www.salubrizarehusi.ro\/?page_id=2137"},"modified":"2025-02-18T12:19:20","modified_gmt":"2025-02-18T10:19:20","slug":"anunturi-2025","status":"publish","type":"page","link":"https:\/\/www.salubrizarehusi.ro\/index.php\/anunturi-2025\/","title":{"rendered":"ANUNTURI 2025"},"content":{"rendered":"<p>\u00a0<\/p>\n<p>La Centrul pentru c\u00e2ini f\u0103r\u0103 st\u0103p\u00e2n din Husi sunt zeci de suflete ce a\u0219teapt\u0103 ca cineva s\u0103 le ofere o cas\u0103 \u0219i afec\u021biune.<\/p>\n<p>O adop\u021bie poate schimba \u00een bine via\u021ba unui c\u00e2ine, dar \u0219i a ta !<\/p>\n<p>Adopt\u0103, nu cump\u0103ra!<\/p>\n<p><a href=\"http:\/\/www.salubrizarehusi.ro\/wp-content\/uploads\/2025\/01\/ANUNT-POST-PAZNIC-14.01.2025.pdf\">ANUNT POST PAZNIC 14.01.2025 -ocupat<\/a><\/p>\n<p><a href=\"http:\/\/www.salubrizarehusi.ro\/wp-content\/uploads\/2025\/03\/ANUNT-25032025.pdf\">ANUNT 25,03,2025 \u2013 ocupat<\/a><\/p>\n<p><a href=\"http:\/\/www.salubrizarehusi.ro\/wp-content\/uploads\/2025\/04\/PROGRAM-PERIOADA-PASTELUI.pdf\">PROGRAM PERIOADA PASTELUI<\/a><\/p>\n<p><a href=\"http:\/\/www.salubrizarehusi.ro\/wp-content\/uploads\/2025\/04\/Anunt-lucrator-salubrizare24.04.2025.pdf\">Anunt lucrator salubrizare24.04.2025<\/a><\/p>\n<p><a href=\"http:\/\/www.salubrizarehusi.ro\/wp-content\/uploads\/2025\/05\/POST-LUCRATOR-SALUBRIZARE-.pdf\">POST LUCRATOR SALUBRIZARE- OCUPAT<\/a><\/p>\n<p><a href=\"http:\/\/www.salubrizarehusi.ro\/wp-content\/uploads\/2025\/07\/ANUNT-LUCRATOR-SALUBRIZARE-02072025.pdf\">ANUNT LUCRATOR SALUBRIZARE 02,07,2025 -OCUPAT<\/a><\/p>\n<p><a href=\"http:\/\/www.salubrizarehusi.ro\/wp-content\/uploads\/2025\/09\/ANUNT-ANGAJARE-POST-MECANIC-UTILAJ-OCUPAT.pdf\">ANUNT ANGAJARE-POST MECANIC-UTILAJ- OCUPAT<\/a><\/p>\n<p><a href=\"http:\/\/www.salubrizarehusi.ro\/wp-content\/uploads\/2025\/11\/ANUNT-ACHIZITIE-SERVICII-REPREZENTARE-JURIDICA-1.pdf\">ANUNT ACHIZITIE SERVICII REPREZENTARE JURIDICA<\/a><\/p>\n<p>\u00a0<\/p>\n<p>\u00a0<\/p>\n<p>\u00a0<\/p>\n","protected":false},"excerpt":{"rendered":"<p>\u00a0 La Centrul pentru c\u00e2ini f\u0103r\u0103 st\u0103p\u00e2n din Husi sunt zeci de suflete ce a\u0219teapt\u0103 ca cineva s\u0103 le ofere o cas\u0103 \u0219i afec\u021biune. O adop\u021bie poate schimba \u00een bine via\u021ba unui c\u00e2ine, dar \u0219i a ta ! Adopt\u0103, nu cump\u0103ra! ANUNT POST PAZNIC 14.01.2025 -ocupat ANUNT 25,03,2025 \u2013 ocupat PROGRAM PERIOADA PASTELUI Anunt lucrator salubrizare24.04.2025 POST LUCRATOR SALUBRIZARE- OCUPAT&#8230;<\/p>\n","protected":false},"author":4,"featured_media":0,"parent":0,"menu_order":0,"comment_status":"closed","ping_status":"closed","template":"","meta":{"footnotes":""},"class_list":["post-2137","page","type-page","status-publish","hentry"],"aioseo_notices":[],"_links":{"self":[{"href":"https:\/\/www.salubrizarehusi.ro\/index.php\/wp-json\/wp\/v2\/pages\/2137","targetHints":{"allow":["GET"]}}],"collection":[{"href":"https:\/\/www.salubrizarehusi.ro\/index.php\/wp-json\/wp\/v2\/pages"}],"about":[{"href":"https:\/\/www.salubrizarehusi.ro\/index.php\/wp-json\/wp\/v2\/types\/page"}],"author":[{"embeddable":true,"href":"https:\/\/www.salubrizarehusi.ro\/index.php\/wp-json\/wp\/v2\/users\/4"}],"replies":[{"embeddable":true,"href":"https:\/\/www.salubrizarehusi.ro\/index.php\/wp-json\/wp\/v2\/comments?post=2137"}],"version-history":[{"count":17,"href":"https:\/\/www.salubrizarehusi.ro\/index.php\/wp-json\/wp\/v2\/pages\/2137\/revisions"}],"predecessor-version":[{"id":2507,"href":"https:\/\/www.salubrizarehusi.ro\/index.php\/wp-json\/wp\/v2\/pages\/2137\/revisions\/2507"}],"wp:attachment":[{"href":"https:\/\/www.salubrizarehusi.ro\/index.php\/wp-json\/wp\/v2\/media?parent=2137"}],"curies":[{"name":"wp","href":"https:\/\/api.w.org\/{rel}","templated":true}]}}